{"id":60,"date":"2025-06-06T10:11:58","date_gmt":"2025-06-06T10:11:58","guid":{"rendered":"https:\/\/aluminiosbarajascuenca.es\/?page_id=60"},"modified":"2025-06-09T08:05:14","modified_gmt":"2025-06-09T08:05:14","slug":"declaracion-de-accesibilidad","status":"publish","type":"page","link":"https:\/\/aluminiosbarajascuenca.es\/index.php\/declaracion-de-accesibilidad\/","title":{"rendered":"Declaracion de accesibilidad &#8211; Aluminios Barajas"},"content":{"rendered":"\n<h2 class=\"wp-block-heading\">Accesibilidad<\/h2>\n\n\n\n<p>Declaraci\u00f3n de accesibilidad realizada por&nbsp;<a href=\"http:\/\/kaam.es\/\">Kaam Innovaci\u00f3n y tecnolog\u00eda S.L<\/a>.<\/p>\n\n\n\n<p>Fecha de la declaraci\u00f3n: 1 de febrero de 2024.<\/p>\n\n\n\n<p>Kaam Innovaci\u00f3n y tecnolog\u00eda S.L. se compromete a garantizar la accesibilidad digital para las personas con discapacidades. Mejoramos continuamente la experiencia del usuario para todos y aplicamos los est\u00e1ndares de accesibilidad relevantes.<\/p>\n\n\n\n<h2 class=\"wp-block-heading\"><strong>Medidas para promover la accesibilidad<\/strong><\/h2>\n\n\n\n<p>Kaam Innovaci\u00f3n y tecnolog\u00eda S.L. toma las siguientes medidas para garantizar la accesibilidad de&nbsp;<a href=\"https:\/\/aluminiosbarajascuenca.es\/\">aluminiosbarajascuenca.es<\/a>:<\/p>\n\n\n\n<ol class=\"wp-block-list\">\n<li>Incluye la acesibilidad en nuestras pol\u00edticas internas.<\/li>\n\n\n\n<li>Proporciona formaci\u00f3n continua sobre accesibilidad a nuestro personal.<\/li>\n\n\n\n<li>Asegura la acesibilidad mediante una metodolog\u00eda de dise\u00f1o inclusivo.<\/li>\n\n\n\n<li>Incorpora evaluaciones y pruebas de accesibilidad en el proceso de desarrollo del software.<\/li>\n<\/ol>\n\n\n\n<h2 class=\"wp-block-heading\"><strong>Conformidad con los est\u00e1ndares de accesibilidad<\/strong><\/h2>\n\n\n\n<p><a href=\"https:\/\/haciendaelturmal.es\/\"><\/a><a href=\"https:\/\/aluminiosbarajascuenca.es\/\">aluminiosbarajascuenca.es<\/a>&nbsp;est\u00e1 parcialmente conforme con la Directiva (UE) 2016\/2102 del Parlamento Europeo y del Consejo de 26 de octubre de 2016 sobre la accesibilidad de los sitios web y aplicaciones para dispositivos m\u00f3viles de los organismos del sector p\u00fablico, debido a:<\/p>\n\n\n\n<ul class=\"wp-block-list\">\n<li><strong><a href=\"https:\/\/www.hacienda.gob.es\/es-ES\/Paginas\/Accesibilidad-no-conforme.aspx\">Falta de conformidad con el Real Decreto 1112\/2018, de 7 de septiembre<\/a><\/strong>: podr\u00edan existir fallos puntuales de edici\u00f3n en alguna p\u00e1gina web, tanto en contenidos HTML como en documentos finales, publicados en fecha posterior al 20 de septiembre de 2018 (fecha de entrada en vigor del Real Decreto 1112\/2018, de 7 de septiembre). Concretamente puede haber errores en aquellos documentos que contienen gr\u00e1ficos, tablas complejas o en aquellos firmados electr\u00f3nicamente antes de su revisi\u00f3n de accesibilidad.<\/li>\n\n\n\n<li><strong>Carga desproporcionada<\/strong>: no aplica.<\/li>\n\n\n\n<li>El&nbsp;<a href=\"https:\/\/asecue.com\/\">contenido<\/a>&nbsp;<strong>no entra dentro del \u00e1mbito de la legislaci\u00f3n<\/strong>&nbsp;aplicable: Existen archivos ofim\u00e1ticos en PDF u otros formatos publicados antes del 20 de septiembre de 2018 que no cumplen en su totalidad todos los requisitos de accesibilidad; tambi\u00e9n pueden estar en esa situaci\u00f3n contenidos de terceros no financiados, ni desarrollados, ni bajo el control de Kaam Inovacion y tecnolog\u00eda S.L.<\/li>\n\n\n\n<li><strong>Contenido no accesible<\/strong>: El contenido que no cumple con el est\u00e1ndar de acesibilidad incluye:<\/li>\n<\/ul>\n\n\n\n<h3 class=\"wp-block-heading\"><strong>Mejoras y planes de&nbsp;<\/strong>tiempo<\/h3>\n\n\n\n<p>Estamos trabajando actualmente en la mejora de&nbsp;<a href=\"https:\/\/nataliafernandeznutricionydeporte.com\/\"><\/a><a href=\"https:\/\/aluminiosbarajascuenca.es\/\">aluminiosbarajascuenca.es<\/a>. y en su Declaraci\u00f3n de Acesibilidad. Nuestro objetivo es resolver las inaccesibilidades detectadas.<\/p>\n\n\n\n<h2 class=\"wp-block-heading\"><strong>Retroalimentaci\u00f3n<\/strong><\/h2>\n\n\n\n<p>Valoramos su opini\u00f3n y nos gustar\u00eda conocer sus comentarios sobre la acesibilidad de&nbsp;<a href=\"http:\/\/haciendaelturmal.es\/\"><\/a><a href=\"https:\/\/aluminiosbarajascuenca.es\/\">aluminiosbarajascuenca.es<\/a>. Por favor, av\u00edsenos si encuentra problemas de acesibilidad:<\/p>\n\n\n\n<ul class=\"wp-block-list\">\n<li>Tel\u00e9fono: 96 781 9077<\/li>\n\n\n\n<li>E-mail:&nbsp;info@kaam.es<\/li>\n\n\n\n<li>Direcci\u00f3n postal: Marqu\u00e9s de Molins 13, 1\u00ba Planta Albacete, CLM 02001<\/li>\n<\/ul>\n\n\n\n<h2 class=\"wp-block-heading\"><strong>Procedimientos de aplicaci\u00f3n<\/strong><\/h2>\n\n\n\n<p>Si no est\u00e1 satisfecho con nuestra respuesta, o si considera que nuestro sitio web o aplicaci\u00f3n no cumplen con la Directiva (UE) 2016\/2102, puede contactar con el Defensor del Pueblo en c\/ Zurbano, 42 (28010 Madrid), o enviar un correo electr\u00f3nico a&nbsp;<a href=\"mailto:registro@defensordelpueblo.es\" target=\"_blank\" rel=\"noreferrer noopener\">registro@defensordelpueblo.es<\/a>, o llamar al 900 101 025.<\/p>\n\n\n\n<h2 class=\"wp-block-heading\"><strong>Fecha de la \u00faltima revisi\u00f3n de la declaraci\u00f3n<\/strong><\/h2>\n\n\n\n<p>Esta declaraci\u00f3n fue revisada por \u00faltima vez el 10 de enero de 2025<\/p>\n","protected":false},"excerpt":{"rendered":"<p>Accesibilidad Declaraci\u00f3n de accesibilidad realizada por&nbsp;Kaam Innovaci\u00f3n y tecnolog\u00eda S.L. Fecha de la declaraci\u00f3n: 1 de febrero de 2024. Kaam Innovaci\u00f3n y tecnolog\u00eda S.L. se compromete a garantizar la accesibilidad digital para las personas con discapacidades. Mejoramos continuamente la experiencia del usuario para todos y aplicamos los est\u00e1ndares de accesibilidad relevantes. Medidas para promover la accesibilidad Kaam Innovaci\u00f3n y tecnolog\u00eda S.L. toma las siguientes medidas para garantizar la accesibilidad de&nbsp;aluminiosbarajascuenca.es: Conformidad con los est\u00e1ndares de accesibilidad aluminiosbarajascuenca.es&nbsp;est\u00e1 parcialmente conforme con la Directiva (UE) 2016\/2102 del Parlamento Europeo y del Consejo de 26 de octubre de 2016 sobre la accesibilidad de<\/p>\n","protected":false},"author":1,"featured_media":0,"parent":0,"menu_order":0,"comment_status":"closed","ping_status":"closed","template":"","meta":{"footnotes":""},"class_list":["post-60","page","type-page","status-publish","hentry"],"yoast_head":"<!-- This site is optimized with the Yoast SEO plugin v25.2 - https:\/\/yoast.com\/wordpress\/plugins\/seo\/ -->\n<title>Declaracion de accesibilidad - Aluminios Barajas - Aluminios Barajas<\/title>\n<meta name=\"description\" content=\"Consulta la declaraci\u00f3n de accesibilidad de Aluminios Barajas y descubre nuestro compromiso con un sitio web inclusivo, accesible y conforme a la normativa vigente.\" \/>\n<meta name=\"robots\" content=\"index, follow, max-snippet:-1, max-image-preview:large, max-video-preview:-1\" \/>\n<link rel=\"canonical\" href=\"https:\/\/aluminiosbarajascuenca.es\/index.php\/declaracion-de-accesibilidad\/\" \/>\n<meta property=\"og:locale\" content=\"es_ES\" \/>\n<meta property=\"og:type\" content=\"article\" \/>\n<meta property=\"og:title\" content=\"Declaracion de accesibilidad - Aluminios Barajas - Aluminios Barajas\" \/>\n<meta property=\"og:description\" content=\"Consulta la declaraci\u00f3n de accesibilidad de Aluminios Barajas y descubre nuestro compromiso con un sitio web inclusivo, accesible y conforme a la normativa vigente.\" \/>\n<meta property=\"og:url\" content=\"https:\/\/aluminiosbarajascuenca.es\/index.php\/declaracion-de-accesibilidad\/\" \/>\n<meta property=\"og:site_name\" content=\"Aluminios Barajas\" \/>\n<meta property=\"article:modified_time\" content=\"2025-06-09T08:05:14+00:00\" \/>\n<meta property=\"og:image\" content=\"https:\/\/aluminiosbarajascuenca.es\/wp-content\/uploads\/2025\/06\/cropped-ChatGPT_Image_4_jun_2025__12_34_00-removebg-preview.png\" \/>\n\t<meta property=\"og:image:width\" content=\"512\" \/>\n\t<meta property=\"og:image:height\" content=\"512\" \/>\n\t<meta property=\"og:image:type\" content=\"image\/png\" \/>\n<meta name=\"twitter:card\" content=\"summary_large_image\" \/>\n<meta name=\"twitter:label1\" content=\"Tiempo de lectura\" \/>\n\t<meta name=\"twitter:data1\" content=\"3 minutos\" \/>\n<script type=\"application\/ld+json\" class=\"yoast-schema-graph\">{\"@context\":\"https:\/\/schema.org\",\"@graph\":[{\"@type\":\"WebPage\",\"@id\":\"https:\/\/aluminiosbarajascuenca.es\/index.php\/declaracion-de-accesibilidad\/\",\"url\":\"https:\/\/aluminiosbarajascuenca.es\/index.php\/declaracion-de-accesibilidad\/\",\"name\":\"Declaracion de accesibilidad - Aluminios Barajas - Aluminios Barajas\",\"isPartOf\":{\"@id\":\"https:\/\/aluminiosbarajascuenca.es\/#website\"},\"datePublished\":\"2025-06-06T10:11:58+00:00\",\"dateModified\":\"2025-06-09T08:05:14+00:00\",\"description\":\"Consulta la declaraci\u00f3n de accesibilidad de Aluminios Barajas y descubre nuestro compromiso con un sitio web inclusivo, accesible y conforme a la normativa vigente.\",\"breadcrumb\":{\"@id\":\"https:\/\/aluminiosbarajascuenca.es\/index.php\/declaracion-de-accesibilidad\/#breadcrumb\"},\"inLanguage\":\"es\",\"potentialAction\":[{\"@type\":\"ReadAction\",\"target\":[\"https:\/\/aluminiosbarajascuenca.es\/index.php\/declaracion-de-accesibilidad\/\"]}]},{\"@type\":\"BreadcrumbList\",\"@id\":\"https:\/\/aluminiosbarajascuenca.es\/index.php\/declaracion-de-accesibilidad\/#breadcrumb\",\"itemListElement\":[{\"@type\":\"ListItem\",\"position\":1,\"name\":\"Portada\",\"item\":\"https:\/\/aluminiosbarajascuenca.es\/\"},{\"@type\":\"ListItem\",\"position\":2,\"name\":\"Declaracion de accesibilidad &#8211; Aluminios Barajas\"}]},{\"@type\":\"WebSite\",\"@id\":\"https:\/\/aluminiosbarajascuenca.es\/#website\",\"url\":\"https:\/\/aluminiosbarajascuenca.es\/\",\"name\":\"Aluminios Barajas\",\"description\":\"Aluminos Barajas\",\"publisher\":{\"@id\":\"https:\/\/aluminiosbarajascuenca.es\/#organization\"},\"potentialAction\":[{\"@type\":\"SearchAction\",\"target\":{\"@type\":\"EntryPoint\",\"urlTemplate\":\"https:\/\/aluminiosbarajascuenca.es\/?s={search_term_string}\"},\"query-input\":{\"@type\":\"PropertyValueSpecification\",\"valueRequired\":true,\"valueName\":\"search_term_string\"}}],\"inLanguage\":\"es\"},{\"@type\":\"Organization\",\"@id\":\"https:\/\/aluminiosbarajascuenca.es\/#organization\",\"name\":\"Aluminios Barajas\",\"url\":\"https:\/\/aluminiosbarajascuenca.es\/\",\"logo\":{\"@type\":\"ImageObject\",\"inLanguage\":\"es\",\"@id\":\"https:\/\/aluminiosbarajascuenca.es\/#\/schema\/logo\/image\/\",\"url\":\"https:\/\/aluminiosbarajascuenca.es\/wp-content\/uploads\/2025\/06\/cropped-ChatGPT_Image_4_jun_2025__12_34_00-removebg-preview.png\",\"contentUrl\":\"https:\/\/aluminiosbarajascuenca.es\/wp-content\/uploads\/2025\/06\/cropped-ChatGPT_Image_4_jun_2025__12_34_00-removebg-preview.png\",\"width\":512,\"height\":512,\"caption\":\"Aluminios Barajas\"},\"image\":{\"@id\":\"https:\/\/aluminiosbarajascuenca.es\/#\/schema\/logo\/image\/\"}}]}<\/script>\n<!-- \/ Yoast SEO plugin. -->","yoast_head_json":{"title":"Declaracion de accesibilidad - Aluminios Barajas - Aluminios Barajas","description":"Consulta la declaraci\u00f3n de accesibilidad de Aluminios Barajas y descubre nuestro compromiso con un sitio web inclusivo, accesible y conforme a la normativa vigente.","robots":{"index":"index","follow":"follow","max-snippet":"max-snippet:-1","max-image-preview":"max-image-preview:large","max-video-preview":"max-video-preview:-1"},"canonical":"https:\/\/aluminiosbarajascuenca.es\/index.php\/declaracion-de-accesibilidad\/","og_locale":"es_ES","og_type":"article","og_title":"Declaracion de accesibilidad - Aluminios Barajas - Aluminios Barajas","og_description":"Consulta la declaraci\u00f3n de accesibilidad de Aluminios Barajas y descubre nuestro compromiso con un sitio web inclusivo, accesible y conforme a la normativa vigente.","og_url":"https:\/\/aluminiosbarajascuenca.es\/index.php\/declaracion-de-accesibilidad\/","og_site_name":"Aluminios Barajas","article_modified_time":"2025-06-09T08:05:14+00:00","og_image":[{"width":512,"height":512,"url":"https:\/\/aluminiosbarajascuenca.es\/wp-content\/uploads\/2025\/06\/cropped-ChatGPT_Image_4_jun_2025__12_34_00-removebg-preview.png","type":"image\/png"}],"twitter_card":"summary_large_image","twitter_misc":{"Tiempo de lectura":"3 minutos"},"schema":{"@context":"https:\/\/schema.org","@graph":[{"@type":"WebPage","@id":"https:\/\/aluminiosbarajascuenca.es\/index.php\/declaracion-de-accesibilidad\/","url":"https:\/\/aluminiosbarajascuenca.es\/index.php\/declaracion-de-accesibilidad\/","name":"Declaracion de accesibilidad - Aluminios Barajas - Aluminios Barajas","isPartOf":{"@id":"https:\/\/aluminiosbarajascuenca.es\/#website"},"datePublished":"2025-06-06T10:11:58+00:00","dateModified":"2025-06-09T08:05:14+00:00","description":"Consulta la declaraci\u00f3n de accesibilidad de Aluminios Barajas y descubre nuestro compromiso con un sitio web inclusivo, accesible y conforme a la normativa vigente.","breadcrumb":{"@id":"https:\/\/aluminiosbarajascuenca.es\/index.php\/declaracion-de-accesibilidad\/#breadcrumb"},"inLanguage":"es","potentialAction":[{"@type":"ReadAction","target":["https:\/\/aluminiosbarajascuenca.es\/index.php\/declaracion-de-accesibilidad\/"]}]},{"@type":"BreadcrumbList","@id":"https:\/\/aluminiosbarajascuenca.es\/index.php\/declaracion-de-accesibilidad\/#breadcrumb","itemListElement":[{"@type":"ListItem","position":1,"name":"Portada","item":"https:\/\/aluminiosbarajascuenca.es\/"},{"@type":"ListItem","position":2,"name":"Declaracion de accesibilidad &#8211; Aluminios Barajas"}]},{"@type":"WebSite","@id":"https:\/\/aluminiosbarajascuenca.es\/#website","url":"https:\/\/aluminiosbarajascuenca.es\/","name":"Aluminios Barajas","description":"Aluminos Barajas","publisher":{"@id":"https:\/\/aluminiosbarajascuenca.es\/#organization"},"potentialAction":[{"@type":"SearchAction","target":{"@type":"EntryPoint","urlTemplate":"https:\/\/aluminiosbarajascuenca.es\/?s={search_term_string}"},"query-input":{"@type":"PropertyValueSpecification","valueRequired":true,"valueName":"search_term_string"}}],"inLanguage":"es"},{"@type":"Organization","@id":"https:\/\/aluminiosbarajascuenca.es\/#organization","name":"Aluminios Barajas","url":"https:\/\/aluminiosbarajascuenca.es\/","logo":{"@type":"ImageObject","inLanguage":"es","@id":"https:\/\/aluminiosbarajascuenca.es\/#\/schema\/logo\/image\/","url":"https:\/\/aluminiosbarajascuenca.es\/wp-content\/uploads\/2025\/06\/cropped-ChatGPT_Image_4_jun_2025__12_34_00-removebg-preview.png","contentUrl":"https:\/\/aluminiosbarajascuenca.es\/wp-content\/uploads\/2025\/06\/cropped-ChatGPT_Image_4_jun_2025__12_34_00-removebg-preview.png","width":512,"height":512,"caption":"Aluminios Barajas"},"image":{"@id":"https:\/\/aluminiosbarajascuenca.es\/#\/schema\/logo\/image\/"}}]}},"_links":{"self":[{"href":"https:\/\/aluminiosbarajascuenca.es\/index.php\/wp-json\/wp\/v2\/pages\/60","targetHints":{"allow":["GET"]}}],"collection":[{"href":"https:\/\/aluminiosbarajascuenca.es\/index.php\/wp-json\/wp\/v2\/pages"}],"about":[{"href":"https:\/\/aluminiosbarajascuenca.es\/index.php\/wp-json\/wp\/v2\/types\/page"}],"author":[{"embeddable":true,"href":"https:\/\/aluminiosbarajascuenca.es\/index.php\/wp-json\/wp\/v2\/users\/1"}],"replies":[{"embeddable":true,"href":"https:\/\/aluminiosbarajascuenca.es\/index.php\/wp-json\/wp\/v2\/comments?post=60"}],"version-history":[{"count":4,"href":"https:\/\/aluminiosbarajascuenca.es\/index.php\/wp-json\/wp\/v2\/pages\/60\/revisions"}],"predecessor-version":[{"id":68,"href":"https:\/\/aluminiosbarajascuenca.es\/index.php\/wp-json\/wp\/v2\/pages\/60\/revisions\/68"}],"wp:attachment":[{"href":"https:\/\/aluminiosbarajascuenca.es\/index.php\/wp-json\/wp\/v2\/media?parent=60"}],"curies":[{"name":"wp","href":"https:\/\/api.w.org\/{rel}","templated":true}]}}